{"id":248,"date":"2026-01-30T08:36:53","date_gmt":"2026-01-30T07:36:53","guid":{"rendered":"https:\/\/lutzrademacher.com\/?page_id=248"},"modified":"2026-01-30T09:28:52","modified_gmt":"2026-01-30T08:28:52","slug":"homepage","status":"publish","type":"page","link":"https:\/\/lutzrademacher.com\/","title":{"rendered":"Homepage"},"content":{"rendered":"\t\t<div data-elementor-type=\"wp-page\" data-elementor-id=\"248\" class=\"elementor elementor-248\">\n\t\t\t\t<div class=\"elementor-element elementor-element-9931652 animated-slow e-flex e-con-boxed elementor-invisible e-con e-parent\" data-id=\"9931652\" data-element_type=\"container\" data-e-type=\"container\" data-settings=\"{&quot;animation&quot;:&quot;fadeIn&quot;}\">\n\t\t\t\t\t<div class=\"e-con-inner\">\n\t\t<div class=\"elementor-element elementor-element-c50d40a e-con-full e-flex e-con e-child\" data-id=\"c50d40a\" data-element_type=\"container\" data-e-type=\"container\">\n\t\t\t\t<div class=\"elementor-element elementor-element-52393a2 elementor-widget elementor-widget-image\" data-id=\"52393a2\" data-element_type=\"widget\" data-e-type=\"widget\" data-widget_type=\"image.default\">\n\t\t\t\t\t\t\t\t\t\t\t\t\t\t\t<img fetchpriority=\"high\" decoding=\"async\" width=\"424\" height=\"571\" src=\"https:\/\/lutzrademacher.com\/wp-content\/uploads\/2026\/01\/rademacher-intro.jpg\" class=\"attachment-full size-full wp-image-251\" alt=\"rademacher\" srcset=\"https:\/\/lutzrademacher.com\/wp-content\/uploads\/2026\/01\/rademacher-intro.jpg 424w, https:\/\/lutzrademacher.com\/wp-content\/uploads\/2026\/01\/rademacher-intro-223x300.jpg 223w\" sizes=\"(max-width: 424px) 100vw, 424px\" \/>\t\t\t\t\t\t\t\t\t\t\t\t\t\t\t<\/div>\n\t\t\t\t<\/div>\n\t\t<div class=\"elementor-element elementor-element-5554bce e-con-full e-flex e-con e-child\" data-id=\"5554bce\" data-element_type=\"container\" data-e-type=\"container\">\n\t\t\t\t<div class=\"elementor-element elementor-element-14908be elementor-widget elementor-widget-heading\" data-id=\"14908be\" data-element_type=\"widget\" data-e-type=\"widget\" data-widget_type=\"heading.default\">\n\t\t\t\t\t<h2 class=\"elementor-heading-title elementor-size-default\">Here, There <br>\nAnd Everywhere<\/h2>\t\t\t\t<\/div>\n\t\t\t\t<div class=\"elementor-element elementor-element-99ebaaf elementor-widget elementor-widget-heading\" data-id=\"99ebaaf\" data-element_type=\"widget\" data-e-type=\"widget\" data-widget_type=\"heading.default\">\n\t\t\t\t\t<h2 class=\"elementor-heading-title elementor-size-default\">Lennon\/McCartney<\/h2>\t\t\t\t<\/div>\n\t\t\t\t<div class=\"elementor-element elementor-element-63bf725 elementor-widget-divider--view-line elementor-widget elementor-widget-divider\" data-id=\"63bf725\" data-element_type=\"widget\" data-e-type=\"widget\" data-widget_type=\"divider.default\">\n\t\t\t\t\t\t\t<div class=\"elementor-divider\">\n\t\t\t<span class=\"elementor-divider-separator\">\n\t\t\t\t\t\t<\/span>\n\t\t<\/div>\n\t\t\t\t\t\t<\/div>\n\t\t\t\t<div class=\"elementor-element elementor-element-eff2391 elementor-widget elementor-widget-heading\" data-id=\"eff2391\" data-element_type=\"widget\" data-e-type=\"widget\" data-widget_type=\"heading.default\">\n\t\t\t\t\t<h1 class=\"elementor-heading-title elementor-size-default\">Lutz Rademacher<\/h1>\t\t\t\t<\/div>\n\t\t\t\t<div class=\"elementor-element elementor-element-54dc2f7 elementor-widget elementor-widget-heading\" data-id=\"54dc2f7\" data-element_type=\"widget\" data-e-type=\"widget\" data-widget_type=\"heading.default\">\n\t\t\t\t\t<h2 class=\"elementor-heading-title elementor-size-default\">19.9.1969 \u2013 18.11.2025<\/h2>\t\t\t\t<\/div>\n\t\t\t\t<\/div>\n\t\t\t\t\t<\/div>\n\t\t\t\t<\/div>\n\t\t<div class=\"elementor-element elementor-element-5177719 animated-slow e-flex e-con-boxed elementor-invisible e-con e-parent\" data-id=\"5177719\" data-element_type=\"container\" data-e-type=\"container\" data-settings=\"{&quot;animation&quot;:&quot;fadeIn&quot;}\">\n\t\t\t\t\t<div class=\"e-con-inner\">\n\t\t\t\t<div class=\"elementor-element elementor-element-fc3d758 elementor-widget__width-initial elementor-widget elementor-widget-text-editor\" data-id=\"fc3d758\" data-element_type=\"widget\" data-e-type=\"widget\" data-widget_type=\"text-editor.default\">\n\t\t\t\t\t\t\t\t\t<p>Wir trauern um Lutz Rademacher, der unerwartet im November letzten Jahres verstarb.\u00a0<\/p><p>\u201eOb Meistersinger, Dreigroschenoper, zeitgen\u00f6ssische Musik auf Festivals oder die St\u00fccke unserer Studierenden \u2013 Lutz Rademacher begegnete jeder Partitur so, wie er auch uns begegnete: mit Neugier, Offenheit, Freude, Heiterkeit, Charme und Gro\u00dfz\u00fcgigkeit. Mit ihm an einem St\u00fcck zu arbeiten, gemeinsam \u00fcber einer Partitur zu br\u00fcten \u2013 das waren f\u00fcr mich immer Stunden voller W\u00e4rme, Humor und gro\u00dfer, menschlicher Lebendigkeit.<\/p><p>Lutz Rademacher war ein Mensch voller Energie. Er schenkte seinem Gegen\u00fcber Aufmerksamkeit und Herzlichkeit und seine Liebe zur Musik war unersch\u00fctterlich. In den letzten Jahren hat er diese Freude und seinen riesigen Erfahrungsschatz auch mit unseren Kompositionsstudierenden geteilt. Heute musste ich ihnen \u2013 noch immer fassungslos und mit schwerem Herzen \u2013 sagen, dass Lutz nicht mehr bei uns ist. Die Stille und Traurigkeit, die den Raum sofort erf\u00fcllten, zeigten, wie sehr Lutz als Mensch und Musiker von uns allen gesch\u00e4tzt wurde. Er hat Spuren in uns hinterlassen \u2013 in unserem Denken, unserem H\u00f6ren und in unserer Musik. Ich bin von Herzen dankbar, dass ich Lutz kennenlernen durfte, dass wir zusammen Musik machen durften und dass wir gelegentlich auch gemeinsam das Leben gefeiert haben.\u201c<\/p><p>Nachruf von Prof. Dr. Gordon Kampe<br \/>Komponist und Professor an der Hochschule f\u00fcr Musik und Theater Hamburg\u00a0<\/p>\t\t\t\t\t\t\t\t<\/div>\n\t\t\t\t\t<\/div>\n\t\t\t\t<\/div>\n\t\t<div class=\"elementor-element elementor-element-a4b1a8e e-con-full animated-slow e-flex elementor-invisible e-con e-parent\" data-id=\"a4b1a8e\" data-element_type=\"container\" data-e-type=\"container\" data-settings=\"{&quot;animation&quot;:&quot;fadeIn&quot;}\">\n\t\t<div class=\"elementor-element elementor-element-1974af3 e-con-full e-flex e-con e-child\" data-id=\"1974af3\" data-element_type=\"container\" data-e-type=\"container\" data-settings=\"{&quot;background_background&quot;:&quot;classic&quot;}\">\n\t\t\t\t<\/div>\n\t\t<div class=\"elementor-element elementor-element-f14274f e-con-full e-flex e-con e-child\" data-id=\"f14274f\" data-element_type=\"container\" data-e-type=\"container\" data-settings=\"{&quot;background_background&quot;:&quot;classic&quot;}\">\n\t\t\t\t<div class=\"elementor-element elementor-element-fba762b elementor-widget elementor-widget-heading\" data-id=\"fba762b\" data-element_type=\"widget\" data-e-type=\"widget\" data-widget_type=\"heading.default\">\n\t\t\t\t\t<h2 class=\"elementor-heading-title elementor-size-default\">Biografie<\/h2>\t\t\t\t<\/div>\n\t\t\t\t<div class=\"elementor-element elementor-element-e5d30db elementor-widget__width-initial elementor-widget elementor-widget-text-editor\" data-id=\"e5d30db\" data-element_type=\"widget\" data-e-type=\"widget\" data-widget_type=\"text-editor.default\">\n\t\t\t\t\t\t\t\t\t<p><strong>Lutz Rademacher war Dirigent.<\/strong><\/p><p><strong>Mit Pr\u00e4zision, Hingabe, Neugier und Leidenschaft. Er stand f\u00fcr ein zeitgen\u00f6ssisches, innovatives Musiktheater und suchte auch im Bew\u00e4hrten stets das, was uns angeht.\u00a0<\/strong><\/p><p>An der Hochschule f\u00fcr Musik und Theater Hamburg ausgebildet, war er als Kapellmeister u.a. in Basel und Freiburg engagiert. Zuletzt gab er dem Konzertleben der Stadt Detmold als GMD mit innovativen Konzertformaten und anspruchsvollen Musiktheaterspielpl\u00e4nen neue Impulse.<\/p><p>\u00dcberregionale Beachtung fanden Produktionen von George Benjamins \u201eWritten On Skin\u201c, Leo\u0161 Jan\u00e1\u010deks \u201eJenufa\u201c, Richard Wagners \u201eMeistersinger von N\u00fcrnberg\u201c und Giselher Klebes \u201eDer j\u00fcngste Tag\u201c.<\/p><p>Bei den Salzburger Festspielen leitete er das Mehrspartenprojekt \u201eJudith\u201c. Gastdirigate f\u00fchrten ihn u.a. zum Deutschen Symphonie-Orchester Berlin, an die Vlaamse Opera Antwerpen und an die Komische Oper Berlin.\u00a0<\/p><p>Bereits mehrfach hat sich Lutz Rademacher mit dem Werk von Henry Purcell auseinandergesetzt: Am Theater Basel entstand 2006 in Zusammenarbeit mit dem Regisseur Sebastian N\u00fcbling \u201eDido and Aeneas\u201c. Die begeistert aufgenommene Produktion wurde 2007 zum Berliner Theatertreffen eingeladen. Ebenfalls in Basel hie\u00df es 2011 \u201eHush, no more\u201c, eine Bearbeitung von Purcells \u201eFairy Queen\u201c. Im Herbst 2022 folgte eine Bearbeitung von \u201eKing Arthur\u201c am Theater Bremen.<\/p><p>In der Saison 2021\/22 widmete sich Lutz Rademacher einer neuen interdisziplin\u00e4ren Herausforderung: Als Fellow am Hamburg Institute for Advanced Study brachte er Musik in die internationale Forschung.<\/p><p>Im Austausch mit Wissenschaftler*innen unterschiedlichster Fakult\u00e4ten untersuchte er die Rolle der zeitgen\u00f6ssischen Musik in unserer Gesellschaft und stellte die wichtigsten musikalischen Entwicklungen des 20. und 21. Jahrhunderts zur Diskussion.<\/p><p>Die Spielzeit 2022\/23 endete f\u00fcr Lutz Rademacher sportlich: kurzfristig sprang er f\u00fcr die Leitung der Wiederaufnahme der \u201eMeistersinger von N\u00fcrnberg\u201c an der Oper Leipzig ein und wurde von Publikum und Mitwirkenden gleicherma\u00dfen gefeiert.<\/p><p>Bereits im Juni 2022 leitete er in der Halle 424 in Hamburg die Urauff\u00fchrung von Gordon Kampes Musiktheater \u201eO Seufzen, Heulen, Herzensknall\u201c. Mit einer erweiterten Fassung dieses erfolgreichen Werkes waren Lutz Rademacher und das Ensemble RADAR im Januar 2024 zum Ultraschall Festival ins Berliner Radialsystem eingeladen.<\/p><p>Seit dem Sommersemester 2024 gab Lutz Rademacher sein Wissen als Dozent f\u00fcr Orchester- und Ensembleleitung an der Martin-Luther-Universit\u00e4t Halle\/Wittenberg weiter. An der HfMT Hamburg war er zus\u00e4tzlich Lehrbeauftragter f\u00fcr Ensemble Neue Musik.<\/p><p>Lutz Rademacher war ein Teamplayer, Theatermensch, fordernder Erm\u00f6glicher und mitatmender Begleiter.<\/p>\t\t\t\t\t\t\t\t<\/div>\n\t\t\t\t<\/div>\n\t\t\t\t<\/div>\n\t\t<div class=\"elementor-element elementor-element-6c81702 animated-slow e-flex e-con-boxed elementor-invisible e-con e-parent\" data-id=\"6c81702\" data-element_type=\"container\" data-e-type=\"container\" data-settings=\"{&quot;animation&quot;:&quot;fadeIn&quot;}\">\n\t\t\t\t\t<div class=\"e-con-inner\">\n\t\t\t\t<div class=\"elementor-element elementor-element-ba39e3b elementor-widget elementor-widget-heading\" data-id=\"ba39e3b\" data-element_type=\"widget\" data-e-type=\"widget\" data-widget_type=\"heading.default\">\n\t\t\t\t\t<h2 class=\"elementor-heading-title elementor-size-default\">Kontakt<\/h2>\t\t\t\t<\/div>\n\t\t\t\t<div class=\"elementor-element elementor-element-4f08d04 elementor-widget__width-initial elementor-widget elementor-widget-text-editor\" data-id=\"4f08d04\" data-element_type=\"widget\" data-e-type=\"widget\" data-widget_type=\"text-editor.default\">\n\t\t\t\t\t\t\t\t\t<p><strong>Stretta Artists Management<\/strong><br \/><strong>Rita Ahonen<\/strong><br \/>ahonen@stretta-artists.com<\/p>\t\t\t\t\t\t\t\t<\/div>\n\t\t\t\t\t<\/div>\n\t\t\t\t<\/div>\n\t\t<div class=\"elementor-element elementor-element-77711a1 animated-slow e-flex e-con-boxed elementor-invisible e-con e-parent\" data-id=\"77711a1\" data-element_type=\"container\" data-e-type=\"container\" data-settings=\"{&quot;animation&quot;:&quot;fadeIn&quot;}\">\n\t\t\t\t\t<div class=\"e-con-inner\">\n\t\t\t\t<div class=\"elementor-element elementor-element-edb1f50 elementor-widget__width-initial elementor-widget elementor-widget-text-editor\" data-id=\"edb1f50\" data-element_type=\"widget\" data-e-type=\"widget\" data-widget_type=\"text-editor.default\">\n\t\t\t\t\t\t\t\t\t<p><b><a href=\"https:\/\/lutzrademacher.com\/?page_id=265\">Impressum<\/a> \/ <a href=\"https:\/\/lutzrademacher.com\/?page_id=276\">Datenschutz<\/a><\/b><\/p>\t\t\t\t\t\t\t\t<\/div>\n\t\t\t\t\t<\/div>\n\t\t\t\t<\/div>\n\t\t\t\t<\/div>\n\t\t","protected":false},"excerpt":{"rendered":"<p>Here, There And Everywhere Lennon\/McCartney Lutz Rademacher 19.9.1969 \u2013 18.11.2025 Wir trauern um Lutz Rademacher, der unerwartet im November letzten Jahres verstarb.\u00a0 \u201eOb Meistersinger, Dreigroschenoper, zeitgen\u00f6ssische Musik auf Festivals oder die St\u00fccke unserer Studierenden \u2013 Lutz Rademacher begegnete jeder Partitur so, wie er auch uns begegnete: mit Neugier, Offenheit, Freude, Heiterkeit, Charme und Gro\u00dfz\u00fcgigkeit. Mit [&hellip;]<\/p>\n","protected":false},"author":1,"featured_media":0,"parent":0,"menu_order":0,"comment_status":"closed","ping_status":"closed","template":"elementor_canvas","meta":{"footnotes":""},"class_list":["post-248","page","type-page","status-publish","hentry"],"_links":{"self":[{"href":"https:\/\/lutzrademacher.com\/index.php?rest_route=\/wp\/v2\/pages\/248","targetHints":{"allow":["GET"]}}],"collection":[{"href":"https:\/\/lutzrademacher.com\/index.php?rest_route=\/wp\/v2\/pages"}],"about":[{"href":"https:\/\/lutzrademacher.com\/index.php?rest_route=\/wp\/v2\/types\/page"}],"author":[{"embeddable":true,"href":"https:\/\/lutzrademacher.com\/index.php?rest_route=\/wp\/v2\/users\/1"}],"replies":[{"embeddable":true,"href":"https:\/\/lutzrademacher.com\/index.php?rest_route=%2Fwp%2Fv2%2Fcomments&post=248"}],"version-history":[{"count":21,"href":"https:\/\/lutzrademacher.com\/index.php?rest_route=\/wp\/v2\/pages\/248\/revisions"}],"predecessor-version":[{"id":294,"href":"https:\/\/lutzrademacher.com\/index.php?rest_route=\/wp\/v2\/pages\/248\/revisions\/294"}],"wp:attachment":[{"href":"https:\/\/lutzrademacher.com\/index.php?rest_route=%2Fwp%2Fv2%2Fmedia&parent=248"}],"curies":[{"name":"wp","href":"https:\/\/api.w.org\/{rel}","templated":true}]}}